{"id":1714,"date":"2021-04-17T12:06:16","date_gmt":"2021-04-17T12:06:16","guid":{"rendered":"http:\/\/el.commonsupport.com\/newwp\/envolve3\/?page_id=1714"},"modified":"2025-10-21T14:31:09","modified_gmt":"2025-10-21T14:31:09","slug":"corunamob_home","status":"publish","type":"page","link":"https:\/\/corunamob.es\/","title":{"rendered":"Coru\u00f1amob &#8211; Home"},"content":{"rendered":"\t\t<div data-elementor-type=\"wp-page\" data-elementor-id=\"1714\" class=\"elementor elementor-1714\">\n\t\t\t\t\t\t<section class=\"elementor-section elementor-top-section elementor-element elementor-element-b35c3c2 elementor-section-full_width elementor-section-height-default elementor-section-height-default\" data-id=\"b35c3c2\" data-element_type=\"section\">\n\t\t\t\t\t\t<div class=\"elementor-container elementor-column-gap-default\">\n\t\t\t\t\t<div class=\"elementor-column elementor-col-100 elementor-top-column elementor-element elementor-element-67767a2\" data-id=\"67767a2\" data-element_type=\"column\">\n\t\t\t<div class=\"elementor-widget-wrap elementor-element-populated\">\n\t\t\t\t\t\t<div class=\"elementor-element elementor-element-9616808 elementor-widget elementor-widget-envolve_tk_slider_v6\" data-id=\"9616808\" data-element_type=\"widget\" data-widget_type=\"envolve_tk_slider_v6.default\">\n\t\t\t\t<div class=\"elementor-widget-container\">\n\t\t\t\t\t        \r\n        <!-- Banner Section -->\r\n        <section class=\"banner-section style-11\">\r\n            <div class=\"banner-carousel theme_carousel owl-theme owl-carousel\" data-options='{\"loop\": true, \"margin\": 0, \"mouseDrag\":false, \"autoheight\":true, \"lazyload\":true, \"nav\": true, \"dots\": true, \"autoplay\": true, \"autoplayTimeout\": 6000, \"smartSpeed\": 1000, \"responsive\":{ \"0\" :{ \"items\": \"1\" }, \"768\" :{ \"items\" : \"1\" } , \"1000\":{ \"items\" : \"1\" }}}'>\r\n                <!-- Slide Item -->\r\n                                <div class=\"slide-item\">\r\n                    <div class=\"image-layer lazy-image\" data-bg=\"url('http:\/\/el.commonsupport.com\/newwp\/envolve3\/wp-content\/uploads\/2021\/04\/15.jpg')\"><\/div>\r\n        \r\n                    <div class=\"auto-container\">\r\n                        <div class=\"content-box\">\r\n                            <h2>Erasmus+ <br \/> We'll host You <br \/>and Your mobility project.<\/h2>\r\n                            <h3>Organize your mobility program with experienced partner in Coru\u00f1a.<\/h3>\r\n                                                        <div class=\"btn-box\">\r\n                                <a href=\"https:\/\/corunamob.es\/?page_id=4040\">About us<\/a>\r\n                            <\/div>\r\n                                                    <\/div>                    \r\n                    <\/div>\r\n                <\/div>\r\n                            <\/div>\r\n        <\/section>\r\n        <!--End Banner Section -->\r\n        <!--End Banner Section -->\r\n         \r\n\t\t\t\t\t\t<\/div>\n\t\t\t\t<\/div>\n\t\t\t\t<div class=\"elementor-element elementor-element-0ffd70c elementor-widget elementor-widget-envolve_developing_leaders\" data-id=\"0ffd70c\" data-element_type=\"widget\" data-widget_type=\"envolve_developing_leaders.default\">\n\t\t\t\t<div class=\"elementor-widget-container\">\n\t\t\t\t\t        \r\n        <!-- Features Section Two -->\r\n        <section class=\"features-section-two\">\r\n            <div class=\"auto-container\">\r\n                <div class=\"row\">\r\n                    <div class=\"col-lg-6 pr-5\">\r\n                        <div class=\"sec-title style-two\">\r\n                            <h4><span class=\"flaticon-endless\"><\/span>Coru\u00f1a mob<\/h4>\r\n                            <h2>Inspiring Growth Through<br> Mobility Programs\n<\/h2>\r\n                        <\/div>\r\n                        <div class=\"content-block\">\r\n                            <div class=\"image\"><img decoding=\"async\" src=\"https:\/\/corunamob.es\/wp-content\/uploads\/2024\/12\/award1.png\" alt=\"Awesome Image\"><\/div>\r\n                            <div class=\"text\">\r\n                                <p>At Coru\u00f1a Mob, we are dedicated to creating impactful mobility experiences that transform lives. <br><br>Our mission is to empower participants by providing tailored programs that promote personal and professional development. <br><br>We believe in the power of collaboration, cultural exchange, and learning through experience. <br>From meticulous planning to seamless implementation, we ensure every detail is covered, allowing participants to focus on growth and discovery. <\/p>\r\n                                <p><br>At Coru\u00f1a Mob, every journey is a step toward shaping brighter futures and unforgettable memories<\/p>\r\n                            <\/div>\r\n                            <div class=\"link-btn\"><a href=\"https:\/\/corunamob.es\/?page_id=4040\" class=\"theme-btn btn-style-four\"><span class=\"btn-title\">More information<\/span><\/a><\/div>\r\n                        <\/div>\r\n                    <\/div>\r\n                    <div class=\"col-lg-6\">\r\n                        <div class=\"row\">\r\n                                                        <div class=\"feature-block-three col-md-6\">\r\n                                <div class=\"inner-box\">\r\n                                    <div class=\"image\"><img decoding=\"async\" src=\"https:\/\/corunamob.es\/wp-content\/uploads\/2024\/12\/vetpro1.jpg\" alt=\"Awesome Image\"><\/div>\r\n                                    <div class=\"lower-content\">\r\n                                        <div class=\"icon\"><span class=\"icon flaticon-team\"><\/span><\/div>\r\n                                        <h4>Staff Mobility<\/h4>\r\n                                        <a href=\"\" class=\"read-more-link\"><\/a>\r\n                                    <\/div>\r\n                                    <div class=\"overlay\">\r\n                                        <div class=\"top-content\" style=\"background-image: url(https:\/\/corunamob.es\/wp-content\/uploads\/2020\/05\/image-50.jpg);\">\r\n                                            <div class=\"icon\"><span class=\"icon flaticon-team\"><\/span><\/div>\r\n                                            <h4>Staff Mobility<\/h4>\r\n                                        <\/div>\r\n                                        <div class=\"bottom-content\">\r\n                                            <div class=\"text\">We provide innovative programs designed to empower educators with practical skills, fostering growth and excellence in real-world teaching environments <\/div>\r\n                                            <a href=\"\" class=\"read-more-link\"><\/a>\r\n                                        <\/div>\r\n                                    <\/div>\r\n                                <\/div>\r\n                            <\/div>\r\n                                                        <div class=\"feature-block-three col-md-6\">\r\n                                <div class=\"inner-box\">\r\n                                    <div class=\"image\"><img decoding=\"async\" src=\"https:\/\/corunamob.es\/wp-content\/uploads\/2024\/12\/internships.jpg\" alt=\"Awesome Image\"><\/div>\r\n                                    <div class=\"lower-content\">\r\n                                        <div class=\"icon\"><span class=\"icon flaticon-career-3\"><\/span><\/div>\r\n                                        <h4>Students Mobility<\/h4>\r\n                                        <a href=\"\" class=\"read-more-link\"><\/a>\r\n                                    <\/div>\r\n                                    <div class=\"overlay\">\r\n                                        <div class=\"top-content\" style=\"background-image: url(https:\/\/corunamob.es\/wp-content\/uploads\/2020\/05\/image-50.jpg);\">\r\n                                            <div class=\"icon\"><span class=\"icon flaticon-career-3\"><\/span><\/div>\r\n                                            <h4>Students Mobility<\/h4>\r\n                                        <\/div>\r\n                                        <div class=\"bottom-content\">\r\n                                            <div class=\"text\">Our tailored programs and resources empower students, enhancing their skills and preparing them to meet future career challenges. <\/div>\r\n                                            <a href=\"\" class=\"read-more-link\"><\/a>\r\n                                        <\/div>\r\n                                    <\/div>\r\n                                <\/div>\r\n                            <\/div>\r\n                                                        <div class=\"feature-block-three col-md-6\">\r\n                                <div class=\"inner-box\">\r\n                                    <div class=\"image\"><img decoding=\"async\" src=\"https:\/\/corunamob.es\/wp-content\/uploads\/2024\/12\/courses1.jpg\" alt=\"Awesome Image\"><\/div>\r\n                                    <div class=\"lower-content\">\r\n                                        <div class=\"icon\"><span class=\"icon icon-speech-bubble\"><\/span><\/div>\r\n                                        <h4>Training Courses<\/h4>\r\n                                        <a href=\"\" class=\"read-more-link\"><\/a>\r\n                                    <\/div>\r\n                                    <div class=\"overlay\">\r\n                                        <div class=\"top-content\" style=\"background-image: url(https:\/\/corunamob.es\/wp-content\/uploads\/2020\/05\/image-50.jpg);\">\r\n                                            <div class=\"icon\"><span class=\"icon icon-speech-bubble\"><\/span><\/div>\r\n                                            <h4>Training Courses<\/h4>\r\n                                        <\/div>\r\n                                        <div class=\"bottom-content\">\r\n                                            <div class=\"text\">With an inclusive learning environment that values diversity, equipping participants with skills for success in a globalized world <\/div>\r\n                                            <a href=\"\" class=\"read-more-link\"><\/a>\r\n                                        <\/div>\r\n                                    <\/div>\r\n                                <\/div>\r\n                            <\/div>\r\n                                                        <div class=\"feature-block-three col-md-6\">\r\n                                <div class=\"inner-box\">\r\n                                    <div class=\"image\"><img decoding=\"async\" src=\"https:\/\/corunamob.es\/wp-content\/uploads\/2024\/12\/santiago.jpg\" alt=\"Awesome Image\"><\/div>\r\n                                    <div class=\"lower-content\">\r\n                                        <div class=\"icon\"><span class=\"icon icon-map\"><\/span><\/div>\r\n                                        <h4>Cultural programs<\/h4>\r\n                                        <a href=\"\" class=\"read-more-link\"><\/a>\r\n                                    <\/div>\r\n                                    <div class=\"overlay\">\r\n                                        <div class=\"top-content\" style=\"background-image: url(https:\/\/corunamob.es\/wp-content\/uploads\/2020\/05\/image-50.jpg);\">\r\n                                            <div class=\"icon\"><span class=\"icon icon-map\"><\/span><\/div>\r\n                                            <h4>Cultural programs<\/h4>\r\n                                        <\/div>\r\n                                        <div class=\"bottom-content\">\r\n                                            <div class=\"text\">Enriching experiences that combine learning with cultural exploration, fostering global connections and lasting personal growth. <\/div>\r\n                                            <a href=\"\" class=\"read-more-link\"><\/a>\r\n                                        <\/div>\r\n                                    <\/div>\r\n                                <\/div>\r\n                            <\/div>\r\n                                                    <\/div>                        \r\n                    <\/div>\r\n                <\/div>\r\n            <\/div>\r\n        <\/section>\r\n        \r\n\t\t\t\t\t\t<\/div>\n\t\t\t\t<\/div>\n\t\t\t\t\t<\/div>\n\t\t<\/div>\n\t\t\t\t\t<\/div>\n\t\t<\/section>\n\t\t\t\t<section class=\"elementor-section elementor-top-section elementor-element elementor-element-129e79d elementor-section-full_width elementor-section-height-default elementor-section-height-default\" data-id=\"129e79d\" data-element_type=\"section\">\n\t\t\t\t\t\t<div class=\"elementor-container elementor-column-gap-default\">\n\t\t\t\t\t<div class=\"elementor-column elementor-col-100 elementor-top-column elementor-element elementor-element-6511073\" data-id=\"6511073\" data-element_type=\"column\">\n\t\t\t<div class=\"elementor-widget-wrap elementor-element-populated\">\n\t\t\t\t\t\t<div class=\"elementor-element elementor-element-ebab319 elementor-widget elementor-widget-envolve_our_work_process\" data-id=\"ebab319\" data-element_type=\"widget\" data-widget_type=\"envolve_our_work_process.default\">\n\t\t\t\t<div class=\"elementor-widget-container\">\n\t\t\t\t\t        \r\n        <!--  Process Section -->\r\n        <section class=\"process-section\">\r\n            <div class=\"pattern\" style=\"background-image: url(https:\/\/corunamob.es\/wp-content\/uploads\/2020\/05\/pattern-5.png);\"><\/div>\r\n            <div class=\"auto-container\">\r\n                <div class=\"sec-top row m-0 justify-content-md-between\">\r\n                    <div class=\"sec-title\">\r\n                        <h2>Together we do it!<\/h2>\r\n                        <div class=\"text-decoration\">\r\n                            <span class=\"left\"><\/span>\r\n                            <span class=\"right\"><\/span>\r\n                        <\/div>\r\n                    <\/div>\r\n                    <div class=\"text\">We ensure every detail is handled with care, <br>from planning to implementation, delivering outstanding results every time.<\/div>\r\n                <\/div>\r\n                <div class=\"row\">\r\n                                        <div class=\"col-lg-4 process-block-one\">\r\n                        <div class=\"inner-box\">\r\n                            <div class=\"icon\">\r\n                            \t                                \t<i class=\"icon flaticon-brainstorm\"><\/i>\r\n                                                            <\/div>\r\n                            <h5><span class=\"count\">Step : 01.<\/span><\/h5>\r\n                            <h4>Project planing<\/h4>\r\n                            <div class=\"text\">Developing personalized plans, handle all logistics, and ensure smooth preparation for a stress-free experience.<\/div>\r\n                        <\/div>\r\n                    <\/div>\r\n                                        <div class=\"col-lg-4 process-block-one\">\r\n                        <div class=\"inner-box\">\r\n                            <div class=\"icon\">\r\n                            \t                                \t<i class=\"icon flaticon-career-3\"><\/i>\r\n                                                            <\/div>\r\n                            <h5><span class=\"count\">Step : 02.<\/span><\/h5>\r\n                            <h4>Mobility Implementation<\/h4>\r\n                            <div class=\"text\">Giving continuous support, cultural integration activities, and ensure personal and professional development throughout the stay.<\/div>\r\n                        <\/div>\r\n                    <\/div>\r\n                                        <div class=\"col-lg-4 process-block-one\">\r\n                        <div class=\"inner-box\">\r\n                            <div class=\"icon\">\r\n                            \t                                \t<i class=\"icon flaticon-tick\"><\/i>\r\n                                                            <\/div>\r\n                            <h5><span class=\"count\">Step : 03.<\/span><\/h5>\r\n                            <h4>Project Closure<\/h4>\r\n                            <div class=\"text\">Providing mobility certificates, evaluate outcomes, and identify improvements for future mobility opportunities in a final report.<\/div>\r\n                        <\/div>\r\n                    <\/div>\r\n                                    <\/div>\r\n            <\/div>\r\n        <\/section>\r\n        \r\n\t\t\t\t\t\t<\/div>\n\t\t\t\t<\/div>\n\t\t\t\t<div class=\"elementor-element elementor-element-0c3b21c elementor-widget elementor-widget-envolve_tk_process\" data-id=\"0c3b21c\" data-element_type=\"widget\" data-widget_type=\"envolve_tk_process.default\">\n\t\t\t\t<div class=\"elementor-widget-container\">\n\t\t\t\t\t        \r\n        <!-- chooseus-home-11 -->\r\n        <section class=\"chooseus-home-11\">\r\n            <div class=\"auto-container\">\r\n                <div class=\"inner-container\">\r\n                    <div class=\"row clearfix\">\r\n                        <div class=\"col-lg-6\">\r\n                            <div class=\"inner-box clearfix\">\r\n                                                                <div class=\"single-item\">\r\n                                    <div class=\"icon-box\"><i class=\"icon flaticon-tick\"><\/i><\/div>\r\n                                    <h3>Logistic services<\/h3>\r\n                                    <p>Together with support and assistance to participants.<\/p>\r\n                                <\/div>\r\n                                                                <div class=\"single-item\">\r\n                                    <div class=\"icon-box\"><i class=\"fa fa-shuttle-van\"><\/i><\/div>\r\n                                    <h3>Transports<\/h3>\r\n                                    <p>Airport and local transfer by van or bus. <\/p>\r\n                                <\/div>\r\n                                                                <div class=\"single-item\">\r\n                                    <div class=\"icon-box\"><i class=\"fa fa-bed\"><\/i><\/div>\r\n                                    <h3>Central accommodation<\/h3>\r\n                                    <p>With options of B&amp;B, Half and Full board<\/p>\r\n                                <\/div>\r\n                                                                <div class=\"single-item\">\r\n                                    <div class=\"icon-box\"><i class=\"fa fa-bus\"><\/i><\/div>\r\n                                    <h3>Cultural visits<\/h3>\r\n                                    <p>During free time explore north of Spain and Portugal.<\/p>\r\n                                <\/div>\r\n                                                            <\/div>\r\n                        <\/div>\r\n                        <div class=\"col-lg-6\">\r\n                            <figure class=\"image-box\"><img decoding=\"async\" src=\"https:\/\/corunamob.es\/wp-content\/uploads\/2024\/12\/coruna.png\" alt=\"Awesome Image\"><\/figure>\r\n                        <\/div>\r\n                    <\/div>\r\n                <\/div>\r\n            <\/div>\r\n        <\/section>\r\n        <!-- chooseus-home-11 end -->\r\n          \r\n\t\t\t\t\t\t<\/div>\n\t\t\t\t<\/div>\n\t\t\t\t\t<\/div>\n\t\t<\/div>\n\t\t\t\t\t<\/div>\n\t\t<\/section>\n\t\t\t\t<\/div>\n\t\t","protected":false},"excerpt":{"rendered":"<p>Erasmus+ We&#8217;ll host You and Your mobility project. Organize your mobility program with experienced partner in Coru\u00f1a. About us Coru\u00f1a mob Inspiring Growth Through Mobility Programs At Coru\u00f1a Mob, we are dedicated to creating impactful mobility experiences that transform lives. Our mission is to empower participants by providing tailored programs that promote personal and professional [&hellip;]<\/p>\n","protected":false},"author":1,"featured_media":0,"parent":0,"menu_order":0,"comment_status":"closed","ping_status":"closed","template":"tpl-default-elementor.php","meta":{"footnotes":""},"class_list":["post-1714","page","type-page","status-publish","hentry"],"_links":{"self":[{"href":"https:\/\/corunamob.es\/index.php?rest_route=\/wp\/v2\/pages\/1714","targetHints":{"allow":["GET"]}}],"collection":[{"href":"https:\/\/corunamob.es\/index.php?rest_route=\/wp\/v2\/pages"}],"about":[{"href":"https:\/\/corunamob.es\/index.php?rest_route=\/wp\/v2\/types\/page"}],"author":[{"embeddable":true,"href":"https:\/\/corunamob.es\/index.php?rest_route=\/wp\/v2\/users\/1"}],"replies":[{"embeddable":true,"href":"https:\/\/corunamob.es\/index.php?rest_route=%2Fwp%2Fv2%2Fcomments&post=1714"}],"version-history":[{"count":162,"href":"https:\/\/corunamob.es\/index.php?rest_route=\/wp\/v2\/pages\/1714\/revisions"}],"predecessor-version":[{"id":4256,"href":"https:\/\/corunamob.es\/index.php?rest_route=\/wp\/v2\/pages\/1714\/revisions\/4256"}],"wp:attachment":[{"href":"https:\/\/corunamob.es\/index.php?rest_route=%2Fwp%2Fv2%2Fmedia&parent=1714"}],"curies":[{"name":"wp","href":"https:\/\/api.w.org\/{rel}","templated":true}]}}