{"id":4040,"date":"2025-01-23T00:53:08","date_gmt":"2025-01-23T00:53:08","guid":{"rendered":"https:\/\/corunamob.es\/?page_id=4040"},"modified":"2025-02-12T17:49:23","modified_gmt":"2025-02-12T17:49:23","slug":"about-us","status":"publish","type":"page","link":"https:\/\/corunamob.es\/?page_id=4040","title":{"rendered":"About us"},"content":{"rendered":"\t\t<div data-elementor-type=\"wp-page\" data-elementor-id=\"4040\" class=\"elementor elementor-4040\">\n\t\t\t\t\t\t<section class=\"elementor-section elementor-top-section elementor-element elementor-element-9558b64 elementor-section-full_width elementor-section-height-default elementor-section-height-default\" data-id=\"9558b64\" data-element_type=\"section\">\n\t\t\t\t\t\t<div class=\"elementor-container elementor-column-gap-default\">\n\t\t\t\t\t<div class=\"elementor-column elementor-col-100 elementor-top-column elementor-element elementor-element-4a320f9\" data-id=\"4a320f9\" data-element_type=\"column\">\n\t\t\t<div class=\"elementor-widget-wrap elementor-element-populated\">\n\t\t\t\t\t\t<div class=\"elementor-element elementor-element-aecffae elementor-widget elementor-widget-envolve_about_us_v7\" data-id=\"aecffae\" data-element_type=\"widget\" data-widget_type=\"envolve_about_us_v7.default\">\n\t\t\t\t<div class=\"elementor-widget-container\">\n\t\t\t\t\t        \r\n        <!-- About Section Six -->\r\n        <section class=\"about-section-six\">\r\n            <div class=\"auto-container\">\r\n                <div class=\"row\">\r\n                    <div class=\"col-lg-6 content-column\">\r\n                        <div class=\"sec-title\">\r\n                            <h2>Building Bridges<br>  Through Mobility<\/h2>\r\n                            <div class=\"text-decoration\">\r\n                                <span class=\"left\"><\/span>\r\n                                <span class=\"right\"><\/span>\r\n                            <\/div>\r\n                            <div class=\"text\">Coru\u00f1aMob borns with an Iberian quality partnership between Braga and Coru\u00f1a with objective of connecting people and opportunities through mobility programs. <\/br>As someone deeply connected to Coru\u00f1a, We are specialised in fostering cultural exchange, professional development, and unforgettable experiences, making this city a prime destination for Erasmus+ participants across Europe. <\/div>\r\n                        <\/div>\r\n                        <div class=\"author-box\">\r\n                            <div class=\"signature\"><img decoding=\"async\" src=\"https:\/\/corunamob.es\/wp-content\/uploads\/2021\/04\/icon-18.png\" alt=\"Awesome Image\"><\/div>\r\n                            <div class=\"author-info\">\r\n                                <h4>Helena &amp; Manuel<\/h4>\r\n                                <h5>Project Managers<\/h5>\r\n                            <\/div>\r\n                        <\/div>\r\n                    <\/div>\r\n                    <div class=\"col-lg-6\">\r\n                        <div class=\"experience-years-block\">\r\n                            <div class=\"image\">\r\n                                <img decoding=\"async\" src=\"https:\/\/corunamob.es\/wp-content\/uploads\/2025\/02\/helman.png\" alt=\"Awesome Image\">\r\n                                <h2><\/h2>\r\n                            <\/div>\r\n                            <div class=\"text\"><\/div>\r\n                        <\/div>\r\n                    <\/div>\r\n                <\/div>\r\n                <div class=\"row\">\r\n                    <div class=\"col-lg-6\">\r\n                        <div class=\"image\"><img decoding=\"async\" src=\"https:\/\/corunamob.es\/wp-content\/uploads\/2025\/01\/todos_570x438-2.jpg\" alt=\"Awesome Image\"><\/div>\r\n                    <\/div>\r\n                    <div class=\"col-lg-6\">\r\n                        <div class=\"sec-title\">\r\n                            <h2>What we do<\/h2>\r\n                            <div class=\"text-decoration\">\r\n                                <span class=\"left\"><\/span>\r\n                                <span class=\"right\"><\/span>\r\n                            <\/div>\r\n                        <\/div>\r\n                                                <div class=\"whay-choose-block\">\r\n                            <div class=\"inner-box\">\r\n                                <div class=\"icon\"><span class=\" flaticon-trending\"><\/span><\/div>\r\n                                <h4>Tailored advice and <br> support<\/h4>\r\n                                <div class=\"text\">Coru\u00f1aMob, established in 2024 in Coru\u00f1a, specializes in organizing high-quality mobility programs and internships for Erasmus+ participants. We collaborate with local and international partners to offer tailored experiences in vocational education across diverse sectors, fostering personal and professional growth while bridging cultural and professional connections for students and organizations.<\/div>\r\n                            <\/div>\r\n                        <\/div>\r\n                                            <\/div>\r\n                <\/div>\r\n            <\/div>\r\n        <\/section>\r\n         \r\n\t\t\t\t\t\t<\/div>\n\t\t\t\t<\/div>\n\t\t\t\t\t<\/div>\n\t\t<\/div>\n\t\t\t\t\t<\/div>\n\t\t<\/section>\n\t\t\t\t<section class=\"elementor-section elementor-top-section elementor-element elementor-element-f7137ec elementor-section-full_width elementor-section-height-default elementor-section-height-default\" data-id=\"f7137ec\" data-element_type=\"section\">\n\t\t\t\t\t\t<div class=\"elementor-container elementor-column-gap-default\">\n\t\t\t\t\t<div class=\"elementor-column elementor-col-100 elementor-top-column elementor-element elementor-element-752daf0\" data-id=\"752daf0\" data-element_type=\"column\">\n\t\t\t<div class=\"elementor-widget-wrap elementor-element-populated\">\n\t\t\t\t\t\t<div class=\"elementor-element elementor-element-be89923 elementor-widget elementor-widget-envolve_industries_we_served\" data-id=\"be89923\" data-element_type=\"widget\" data-widget_type=\"envolve_industries_we_served.default\">\n\t\t\t\t<div class=\"elementor-widget-container\">\n\t\t\t\t\t        \r\n        <!-- Services Section five -->\r\n        <section class=\"services-section-five style-two\">\r\n            <div class=\"auto-container\">\r\n                                <div class=\"top-content row m-0 justify-content-between\">\r\n                    <div class=\"sec-title\">\r\n                        <h2>Internships and professional <br> visits in all sectors<\/h2>\r\n                        <div class=\"text-decoration\">\r\n                            <span class=\"left\"><\/span>\r\n                            <span class=\"right\"><\/span>\r\n                        <\/div>\r\n                    <\/div>\r\n                    <div class=\"text\">Our network of local partners provides high-quality mobility experiences <br> and internships tailored to the participants' needs.<\/div>\r\n                <\/div>\r\n                                \r\n                <div class=\"row\">\r\n                                        <div class=\"col-xl-4 col-lg-6 col-md-6 service-block-five\">\r\n                        <div class=\"inner-box\">\r\n                            <div class=\"content-box\">\r\n                                <div class=\"icon\"><span class=\" flaticon-global-1\"><\/span><\/div>\r\n                                <h4>Hospitality &amp; <br> Tourism<\/h4>                            \r\n                            <\/div>\r\n                        <\/div>\r\n                    <\/div>\r\n                                        <div class=\"col-xl-4 col-lg-6 col-md-6 service-block-five\">\r\n                        <div class=\"inner-box\">\r\n                            <div class=\"content-box\">\r\n                                <div class=\"icon\"><span class=\" flaticon-blog\"><\/span><\/div>\r\n                                <h4>IT &amp; <br> Creative Arts<\/h4>                            \r\n                            <\/div>\r\n                        <\/div>\r\n                    <\/div>\r\n                                        <div class=\"col-xl-4 col-lg-6 col-md-6 service-block-five\">\r\n                        <div class=\"inner-box\">\r\n                            <div class=\"content-box\">\r\n                                <div class=\"icon\"><span class=\" flaticon-trolley\"><\/span><\/div>\r\n                                <h4>Logistic &amp; <br>Transports<\/h4>                            \r\n                            <\/div>\r\n                        <\/div>\r\n                    <\/div>\r\n                                        <div class=\"col-xl-4 col-lg-6 col-md-6 service-block-five\">\r\n                        <div class=\"inner-box\">\r\n                            <div class=\"content-box\">\r\n                                <div class=\"icon\"><span class=\"fa fa-trees\"><\/span><\/div>\r\n                                <h4>Agriculture &amp; <br> Environment<\/h4>                            \r\n                            <\/div>\r\n                        <\/div>\r\n                    <\/div>\r\n                                        <div class=\"col-xl-4 col-lg-6 col-md-6 service-block-five\">\r\n                        <div class=\"inner-box\">\r\n                            <div class=\"content-box\">\r\n                                <div class=\"icon\"><span class=\"fa fa-microchip\"><\/span><\/div>\r\n                                <h4>Engineering &amp; <br> Manufacturing<\/h4>                            \r\n                            <\/div>\r\n                        <\/div>\r\n                    <\/div>\r\n                                        <div class=\"col-xl-4 col-lg-6 col-md-6 service-block-five\">\r\n                        <div class=\"inner-box\">\r\n                            <div class=\"content-box\">\r\n                                <div class=\"icon\"><span class=\"fa fa-hospital-user\"><\/span><\/div>\r\n                                <h4>Healthcare &amp; <br> Social Care<\/h4>                            \r\n                            <\/div>\r\n                        <\/div>\r\n                    <\/div>\r\n                                    <\/div>\r\n            <\/div>\r\n        <\/section>\r\n        \r\n\t\t\t\t\t\t<\/div>\n\t\t\t\t<\/div>\n\t\t\t\t\t<\/div>\n\t\t<\/div>\n\t\t\t\t\t<\/div>\n\t\t<\/section>\n\t\t\t\t<section class=\"elementor-section elementor-top-section elementor-element elementor-element-e56eea0 elementor-section-full_width elementor-section-height-default elementor-section-height-default\" data-id=\"e56eea0\" data-element_type=\"section\">\n\t\t\t\t\t\t<div class=\"elementor-container elementor-column-gap-default\">\n\t\t\t\t\t<div class=\"elementor-column elementor-col-100 elementor-top-column elementor-element elementor-element-a5d5a70\" data-id=\"a5d5a70\" data-element_type=\"column\">\n\t\t\t<div class=\"elementor-widget-wrap\">\n\t\t\t\t\t\t\t<\/div>\n\t\t<\/div>\n\t\t\t\t\t<\/div>\n\t\t<\/section>\n\t\t\t\t<section class=\"elementor-section elementor-top-section elementor-element elementor-element-0bb5342 elementor-section-full_width elementor-section-height-default elementor-section-height-default\" data-id=\"0bb5342\" data-element_type=\"section\">\n\t\t\t\t\t\t<div class=\"elementor-container elementor-column-gap-default\">\n\t\t\t\t\t<div class=\"elementor-column elementor-col-100 elementor-top-column elementor-element elementor-element-1eba651\" data-id=\"1eba651\" data-element_type=\"column\">\n\t\t\t<div class=\"elementor-widget-wrap elementor-element-populated\">\n\t\t\t\t\t\t<div class=\"elementor-element elementor-element-c486e83 elementor-widget elementor-widget-envolve_our_features\" data-id=\"c486e83\" data-element_type=\"widget\" data-widget_type=\"envolve_our_features.default\">\n\t\t\t\t<div class=\"elementor-widget-container\">\n\t\t\t\t\t        \r\n        <!-- Feature Section Two -->\r\n        <section class=\"feature-section-two \">\r\n            <div class=\"auto-container\">\r\n                <div class=\"row\">\r\n                                        <div class=\"col-lg-6 feature-block-two style-two\">\r\n                        <div class=\"shape-box\">\r\n                            <div class=\"inner-box\">\r\n                                <div class=\"icon\"><span class=\"flaticon-world-1\"><\/span><\/div>\r\n                                <h4>Become our partner in Erasmus+<\/h4>\r\n                                <div class=\"text\">Send us an email to income@corunamob.com\n<br><br><\/div>\r\n                            <\/div>\r\n                        <\/div>\r\n                    <\/div>\r\n                                        <div class=\"col-lg-6 feature-block-two style-two\">\r\n                        <div class=\"shape-box\">\r\n                            <div class=\"inner-box\">\r\n                                <div class=\"icon\"><span class=\"flaticon-agreement\"><\/span><\/div>\r\n                                <h4>S\u00e9 un parceiro na Coru\u00f1a.<\/h4>\r\n                                <div class=\"text\">Forma parte do mundo Erasmus, <br> \n cont\u00e1ctanos a trav\u00e9s de\nincome@corunamob.com<\/div>\r\n                            <\/div>\r\n                        <\/div>\r\n                    <\/div>\r\n                                    <\/div>\r\n            <\/div>\r\n        <\/section>\r\n          \r\n\t\t\t\t\t\t<\/div>\n\t\t\t\t<\/div>\n\t\t\t\t\t<\/div>\n\t\t<\/div>\n\t\t\t\t\t<\/div>\n\t\t<\/section>\n\t\t\t\t<\/div>\n\t\t","protected":false},"excerpt":{"rendered":"<p>Building Bridges Through Mobility Coru\u00f1aMob borns with an Iberian quality partnership between Braga and Coru\u00f1a with objective of connecting people and opportunities through mobility programs. As someone deeply connected to Coru\u00f1a, We are specialised in fostering cultural exchange, professional development, and unforgettable experiences, making this city a prime destination for Erasmus+ participants across Europe. Helena [&hellip;]<\/p>\n","protected":false},"author":1,"featured_media":0,"parent":0,"menu_order":0,"comment_status":"closed","ping_status":"closed","template":"tpl-default-elementor.php","meta":{"footnotes":""},"class_list":["post-4040","page","type-page","status-publish","hentry"],"_links":{"self":[{"href":"https:\/\/corunamob.es\/index.php?rest_route=\/wp\/v2\/pages\/4040","targetHints":{"allow":["GET"]}}],"collection":[{"href":"https:\/\/corunamob.es\/index.php?rest_route=\/wp\/v2\/pages"}],"about":[{"href":"https:\/\/corunamob.es\/index.php?rest_route=\/wp\/v2\/types\/page"}],"author":[{"embeddable":true,"href":"https:\/\/corunamob.es\/index.php?rest_route=\/wp\/v2\/users\/1"}],"replies":[{"embeddable":true,"href":"https:\/\/corunamob.es\/index.php?rest_route=%2Fwp%2Fv2%2Fcomments&post=4040"}],"version-history":[{"count":20,"href":"https:\/\/corunamob.es\/index.php?rest_route=\/wp\/v2\/pages\/4040\/revisions"}],"predecessor-version":[{"id":4283,"href":"https:\/\/corunamob.es\/index.php?rest_route=\/wp\/v2\/pages\/4040\/revisions\/4283"}],"wp:attachment":[{"href":"https:\/\/corunamob.es\/index.php?rest_route=%2Fwp%2Fv2%2Fmedia&parent=4040"}],"curies":[{"name":"wp","href":"https:\/\/api.w.org\/{rel}","templated":true}]}}